{"id":286,"date":"2020-12-17T13:18:39","date_gmt":"2020-12-17T12:18:39","guid":{"rendered":"http:\/\/www.cetvyk.cz\/?page_id=286"},"modified":"2020-12-21T18:02:31","modified_gmt":"2020-12-21T17:02:31","slug":"palne-zbrane","status":"publish","type":"page","link":"https:\/\/www.cetvyk.cz\/?page_id=286","title":{"rendered":"Paln\u00e9 zbran\u011b"},"content":{"rendered":"\n<ul><li><strong>Z\u00e1kladn\u00ed terminologie a rozd\u011blen\u00ed kr\u00e1tk\u00fdch a dlouh\u00fdch paln\u00fdch zbran\u00ed<\/strong><\/li><li><strong>\u00davod do z\u00e1klad\u016f stavby malor\u00e1\u017eov\u00fdch zbran\u00ed<\/strong><\/li><li><strong>Konstrukce jednorann\u00fdch a opakovac\u00edch zbran\u00ed \u2013 vysv\u011btlen\u00ed konstruk\u010dn\u00edch princip\u016f<\/strong><\/li><li><strong>Konstruk\u010dn\u00ed princip samonab\u00edjec\u00edch zbran\u00ed \u2013 vysv\u011btlen\u00ed konstruk\u010dn\u00edch princip\u016f<\/strong> <strong>(<\/strong>pokro\u010dil\u00e9 \u0161kolen\u00ed, kter\u00e9mu by m\u011bly p\u0159edch\u00e1zet z\u00e1kladn\u00ed znalosti v\u00a0oboru zbran\u00ed<strong>)<\/strong><ul><li><em>Rozd\u011blen\u00ed z\u00e1kladn\u00edch pohon\u016f<\/em><\/li><\/ul><ul><li><em>Spou\u0161\u0165ov\u00e9 mechanismu<\/em><\/li><\/ul><ul><li><em>Z\u00e1sobovac\u00ed \u00fastroj\u00ed<\/em><\/li><\/ul><ul><li><em>Ergonomie<\/em><\/li><\/ul><\/li><li><strong>Konstruk\u010dn\u00ed princip samo\u010dinn\u00fdch zbran\u00ed \u2013 vysv\u011btlen\u00ed konstruk\u010dn\u00edch princip\u016f (<\/strong>pokro\u010dil\u00e9 \u0161kolen\u00ed, kter\u00e9mu by m\u011bly p\u0159edch\u00e1zet z\u00e1kladn\u00ed znalosti v\u00a0oboru zbran\u00ed<strong>)<\/strong><ul><li>Rozd\u011blen\u00ed z\u00e1kladn\u00edch pohon\u016f<\/li><\/ul><ul><li>Spou\u0161\u0165ov\u00e9 mechanismu<\/li><\/ul><ul><li>Z\u00e1sobovac\u00ed \u00fastroj\u00ed<\/li><\/ul><ul><li>Ergonomie<\/li><\/ul><\/li><li><strong>Konstrukce velkor\u00e1\u017eov\u00fdch a st\u0159edor\u00e1\u017eov\u00fdch zbran\u00ed <\/strong>(pokro\u010dil\u00e9 \u0161kolen\u00ed, kter\u00e9mu by m\u011bly p\u0159edch\u00e1zet z\u00e1kladn\u00ed znalosti v\u00a0oboru zbran\u00ed<strong>)<\/strong><\/li><li><strong>Konstrukce d\u011blost\u0159eleck\u00fdch syst\u00e9m\u016f<\/strong><\/li><li><strong>Plynov\u00e9 zbran\u011b \u2013 konstruk\u010dn\u00ed principy a z\u00e1sady<\/strong><\/li><li><strong>V\u00fdrobn\u00ed technologie pou\u017e\u00edvan\u00e9 v\u00a0konstrukci zbran\u00ed<\/strong><ul><li>Z\u00e1kladn\u00ed dogmata p\u0159i konstrukci zbran\u00ed,<\/li><\/ul><ul><li>Vyu\u017eit\u00ed st\u00e1vaj\u00edc\u00edho vybaven\u00ed pro v\u00fdrobu zbran\u00ed<\/li><\/ul><ul><li>Vliv konstrukce na \u017eivotnost, funkci a spolehlivost zbran\u00ed<\/li><\/ul><\/li><li><strong>Z\u00e1sady konstruov\u00e1n\u00ed zbran\u00ed<\/strong><\/li><\/ul>\n<div class=\"pvc_clear\"><\/div><p class=\"pvc_stats all \" data-element-id=\"286\" style=\"\"><i class=\"pvc-stats-icon small\" aria-hidden=\"true\"><svg aria-hidden=\"true\" focusable=\"false\" data-prefix=\"far\" data-icon=\"chart-bar\" role=\"img\" xmlns=\"http:\/\/www.w3.org\/2000\/svg\" viewBox=\"0 0 512 512\" class=\"svg-inline--fa fa-chart-bar fa-w-16 fa-2x\"><path fill=\"currentColor\" d=\"M396.8 352h22.4c6.4 0 12.8-6.4 12.8-12.8V108.8c0-6.4-6.4-12.8-12.8-12.8h-22.4c-6.4 0-12.8 6.4-12.8 12.8v230.4c0 6.4 6.4 12.8 12.8 12.8zm-192 0h22.4c6.4 0 12.8-6.4 12.8-12.8V140.8c0-6.4-6.4-12.8-12.8-12.8h-22.4c-6.4 0-12.8 6.4-12.8 12.8v198.4c0 6.4 6.4 12.8 12.8 12.8zm96 0h22.4c6.4 0 12.8-6.4 12.8-12.8V204.8c0-6.4-6.4-12.8-12.8-12.8h-22.4c-6.4 0-12.8 6.4-12.8 12.8v134.4c0 6.4 6.4 12.8 12.8 12.8zM496 400H48V80c0-8.84-7.16-16-16-16H16C7.16 64 0 71.16 0 80v336c0 17.67 14.33 32 32 32h464c8.84 0 16-7.16 16-16v-16c0-8.84-7.16-16-16-16zm-387.2-48h22.4c6.4 0 12.8-6.4 12.8-12.8v-70.4c0-6.4-6.4-12.8-12.8-12.8h-22.4c-6.4 0-12.8 6.4-12.8 12.8v70.4c0 6.4 6.4 12.8 12.8 12.8z\" class=\"\"><\/path><\/svg><\/i> &nbsp;2,462&nbsp;total views, &nbsp;1&nbsp;views today<\/p><div class=\"pvc_clear\"><\/div>","protected":false},"excerpt":{"rendered":"<p>Z\u00e1kladn\u00ed terminologie a rozd\u011blen\u00ed kr\u00e1tk\u00fdch a dlouh\u00fdch paln\u00fdch zbran\u00ed \u00davod do z\u00e1klad\u016f stavby malor\u00e1\u017eov\u00fdch zbran\u00ed Konstrukce jednorann\u00fdch a opakovac\u00edch zbran\u00ed \u2013 vysv\u011btlen\u00ed konstruk\u010dn\u00edch princip\u016f Konstruk\u010dn\u00ed princip samonab\u00edjec\u00edch zbran\u00ed \u2013 vysv\u011btlen\u00ed konstruk\u010dn\u00edch princip\u016f (pokro\u010dil\u00e9 \u0161kolen\u00ed, kter\u00e9mu by m\u011bly p\u0159edch\u00e1zet z\u00e1kladn\u00ed znalosti v\u00a0oboru zbran\u00ed) Rozd\u011blen\u00ed z\u00e1kladn\u00edch pohon\u016f Spou\u0161\u0165ov\u00e9 mechanismu Z\u00e1sobovac\u00ed \u00fastroj\u00ed Ergonomie Konstruk\u010dn\u00ed princip samo\u010dinn\u00fdch zbran\u00ed \u2013 &hellip; <\/p>\n<p class=\"link-more\"><a href=\"https:\/\/www.cetvyk.cz\/?page_id=286\" class=\"more-link\">Pokra\u010dovat ve \u010dten\u00ed<span class=\"screen-reader-text\"> &#8222;Paln\u00e9 zbran\u011b&#8220;<\/span><\/a><\/p>\n<div class=\"pvc_clear\"><\/div>\n<p class=\"pvc_stats all \" data-element-id=\"286\" style=\"\"><i class=\"pvc-stats-icon small\" aria-hidden=\"true\"><svg aria-hidden=\"true\" focusable=\"false\" data-prefix=\"far\" data-icon=\"chart-bar\" role=\"img\" xmlns=\"http:\/\/www.w3.org\/2000\/svg\" viewBox=\"0 0 512 512\" class=\"svg-inline--fa fa-chart-bar fa-w-16 fa-2x\"><path fill=\"currentColor\" d=\"M396.8 352h22.4c6.4 0 12.8-6.4 12.8-12.8V108.8c0-6.4-6.4-12.8-12.8-12.8h-22.4c-6.4 0-12.8 6.4-12.8 12.8v230.4c0 6.4 6.4 12.8 12.8 12.8zm-192 0h22.4c6.4 0 12.8-6.4 12.8-12.8V140.8c0-6.4-6.4-12.8-12.8-12.8h-22.4c-6.4 0-12.8 6.4-12.8 12.8v198.4c0 6.4 6.4 12.8 12.8 12.8zm96 0h22.4c6.4 0 12.8-6.4 12.8-12.8V204.8c0-6.4-6.4-12.8-12.8-12.8h-22.4c-6.4 0-12.8 6.4-12.8 12.8v134.4c0 6.4 6.4 12.8 12.8 12.8zM496 400H48V80c0-8.84-7.16-16-16-16H16C7.16 64 0 71.16 0 80v336c0 17.67 14.33 32 32 32h464c8.84 0 16-7.16 16-16v-16c0-8.84-7.16-16-16-16zm-387.2-48h22.4c6.4 0 12.8-6.4 12.8-12.8v-70.4c0-6.4-6.4-12.8-12.8-12.8h-22.4c-6.4 0-12.8 6.4-12.8 12.8v70.4c0 6.4 6.4 12.8 12.8 12.8z\" class=\"\"><\/path><\/svg><\/i> &nbsp;2,462&nbsp;total views, &nbsp;1&nbsp;views today<\/p>\n<div class=\"pvc_clear\"><\/div>\n","protected":false},"author":1,"featured_media":0,"parent":276,"menu_order":1,"comment_status":"closed","ping_status":"closed","template":"","meta":[],"_links":{"self":[{"href":"https:\/\/www.cetvyk.cz\/index.php?rest_route=\/wp\/v2\/pages\/286"}],"collection":[{"href":"https:\/\/www.cetvyk.cz\/index.php?rest_route=\/wp\/v2\/pages"}],"about":[{"href":"https:\/\/www.cetvyk.cz\/index.php?rest_route=\/wp\/v2\/types\/page"}],"author":[{"embeddable":true,"href":"https:\/\/www.cetvyk.cz\/index.php?rest_route=\/wp\/v2\/users\/1"}],"replies":[{"embeddable":true,"href":"https:\/\/www.cetvyk.cz\/index.php?rest_route=%2Fwp%2Fv2%2Fcomments&post=286"}],"version-history":[{"count":6,"href":"https:\/\/www.cetvyk.cz\/index.php?rest_route=\/wp\/v2\/pages\/286\/revisions"}],"predecessor-version":[{"id":319,"href":"https:\/\/www.cetvyk.cz\/index.php?rest_route=\/wp\/v2\/pages\/286\/revisions\/319"}],"up":[{"embeddable":true,"href":"https:\/\/www.cetvyk.cz\/index.php?rest_route=\/wp\/v2\/pages\/276"}],"wp:attachment":[{"href":"https:\/\/www.cetvyk.cz\/index.php?rest_route=%2Fwp%2Fv2%2Fmedia&parent=286"}],"curies":[{"name":"wp","href":"https:\/\/api.w.org\/{rel}","templated":true}]}}