{"id":7,"date":"2018-03-03T21:13:07","date_gmt":"2018-03-03T20:13:07","guid":{"rendered":"http:\/\/www.cetvyk.cz.uvirt66.active24.cz\/?page_id=7"},"modified":"2020-12-17T16:22:12","modified_gmt":"2020-12-17T15:22:12","slug":"domu","status":"publish","type":"page","link":"https:\/\/www.cetvyk.cz\/","title":{"rendered":"Dom\u016f"},"content":{"rendered":"<p>Zab\u00fdv\u00e1me se konstruk\u010dn\u00edmi pracemi,&nbsp; aplikovan\u00fdm v\u00fdzkumem a v\u00fdvojem,&nbsp; zaji\u0161t\u011bn\u00edm v\u00fdroby a i v\u00fdroby a zkou\u0161ek prototyp\u016f s vyu\u017eit\u00edm efektn\u00edch technologi\u00ed ve v\u0161eobecn\u00e9m stroj\u00edrenstv\u00ed a tak\u00e9 ve speci\u00e1ln\u00ed technice.<\/p>\n<p><strong>Prov\u00e1d\u00edme:<\/strong><\/p>\n<ul>\n<li style=\"list-style-type: none;\">\n<ul>\n<li style=\"list-style-type: none;\">\n<ul>\n<li style=\"list-style-type: none;\">\n<ul>\n<li style=\"list-style-type: none;\">\n<ul>\n<li style=\"list-style-type: none;\">\n<ul>\n<li>Konstruk\u010dn\u00ed a v\u00fdvojov\u00e9 pr\u00e1ce,<\/li>\n<li>Zpracov\u00e1n\u00ed dokumentace ve 2D a 3D,<\/li>\n<li>N\u00e1vrh, v\u00fdvoj a v\u00fdroba jedno\u00fa\u010delov\u00fdch stroj\u016f,<\/li>\n<li>Kontrola a anal\u00fdza v\u00fdrobn\u00ed dokumentace,<\/li>\n<li>N\u00e1vrh a vypracov\u00e1n\u00ed technologick\u00fdch postup\u016f a proces\u016f,<\/li>\n<li>Aditivn\u00ed technologie,<\/li>\n<li>Anal\u00fdza a n\u00e1sledn\u00e1 synt\u00e9za procesn\u00edch postup\u016f pro jejich zefektivn\u011bn\u00ed \u2013 procesn\u00ed in\u017een\u00fdrstv\u00ed,<\/li>\n<li>Kontrola kvality,<\/li>\n<li>Rozbor dynamick\u00e9ho zat\u00ed\u017een\u00ed sou\u010d\u00e1st\u00ed,<\/li>\n<li>V\u00fdzkum a v\u00fdvoj ve zbrojn\u00ed technice a balistice,<\/li>\n<li>Syntetika v\u00fdzbroje, balistiky,<\/li>\n<li>Konstrukce a v\u00fdroba z\u00e1chyt\u016f pro rychle let\u00edc\u00ed p\u0159edm\u011bty,<\/li>\n<li>V\u00fdvoj,konstrukce a v\u00fdroba p\u0159\u00edpravk\u016f pro CNC v\u00fdrobu,<\/li>\n<li>Konstrukce a v\u00fdroba dr\u017e\u00e1k\u016f pro chromov\u00e1n\u00ed a jin\u00fdch galvanick\u00fdch procedur<\/li>\n<li>N\u00e1vrh a vybaven\u00ed st\u0159elnic.<\/li>\n<\/ul>\n<\/li>\n<\/ul>\n<\/li>\n<\/ul>\n<\/li>\n<\/ul>\n<\/li>\n<\/ul>\n<\/li>\n<\/ul>\n<p>Tak\u00e9 se v\u011bnujeme extr\u00e9mn\u00edm dynamick\u00fdm zat\u00ed\u017een\u00edm r\u016fzn\u00fdch sou\u010d\u00e1st\u00ed a stroj\u016f a prov\u00e1d\u00edme jejich n\u00e1slednou optimalizaci pro b\u011b\u017en\u00fd i t\u011b\u017ek\u00fd provoz.<\/p>\n<p>Prov\u00e1d\u00edme autentick\u00e9 v\u00fdrobn\u00ed postupy pro zachov\u00e1n\u00ed historick\u00e9ho kontextu sou\u010d\u00e1sti, \u010di produktu.<\/p>\n<div class=\"pvc_clear\"><\/div>\n<p class=\"pvc_stats all \" data-element-id=\"7\" style=\"\"><i class=\"pvc-stats-icon small\" aria-hidden=\"true\"><svg aria-hidden=\"true\" focusable=\"false\" data-prefix=\"far\" data-icon=\"chart-bar\" role=\"img\" xmlns=\"http:\/\/www.w3.org\/2000\/svg\" viewBox=\"0 0 512 512\" class=\"svg-inline--fa fa-chart-bar fa-w-16 fa-2x\"><path fill=\"currentColor\" d=\"M396.8 352h22.4c6.4 0 12.8-6.4 12.8-12.8V108.8c0-6.4-6.4-12.8-12.8-12.8h-22.4c-6.4 0-12.8 6.4-12.8 12.8v230.4c0 6.4 6.4 12.8 12.8 12.8zm-192 0h22.4c6.4 0 12.8-6.4 12.8-12.8V140.8c0-6.4-6.4-12.8-12.8-12.8h-22.4c-6.4 0-12.8 6.4-12.8 12.8v198.4c0 6.4 6.4 12.8 12.8 12.8zm96 0h22.4c6.4 0 12.8-6.4 12.8-12.8V204.8c0-6.4-6.4-12.8-12.8-12.8h-22.4c-6.4 0-12.8 6.4-12.8 12.8v134.4c0 6.4 6.4 12.8 12.8 12.8zM496 400H48V80c0-8.84-7.16-16-16-16H16C7.16 64 0 71.16 0 80v336c0 17.67 14.33 32 32 32h464c8.84 0 16-7.16 16-16v-16c0-8.84-7.16-16-16-16zm-387.2-48h22.4c6.4 0 12.8-6.4 12.8-12.8v-70.4c0-6.4-6.4-12.8-12.8-12.8h-22.4c-6.4 0-12.8 6.4-12.8 12.8v70.4c0 6.4 6.4 12.8 12.8 12.8z\" class=\"\"><\/path><\/svg><\/i> &nbsp;51,132&nbsp;total views, &nbsp;26&nbsp;views today<\/p>\n<div class=\"pvc_clear\"><\/div>\n","protected":false},"excerpt":{"rendered":"<p>Zab\u00fdv\u00e1me se konstruk\u010dn\u00edmi pracemi,&nbsp; aplikovan\u00fdm v\u00fdzkumem a v\u00fdvojem,&nbsp; zaji\u0161t\u011bn\u00edm v\u00fdroby a i v\u00fdroby a zkou\u0161ek prototyp\u016f s vyu\u017eit\u00edm efektn\u00edch technologi\u00ed ve v\u0161eobecn\u00e9m stroj\u00edrenstv\u00ed a tak\u00e9 ve speci\u00e1ln\u00ed technice. Prov\u00e1d\u00edme: Konstruk\u010dn\u00ed a v\u00fdvojov\u00e9 pr\u00e1ce, Zpracov\u00e1n\u00ed dokumentace ve 2D a 3D, N\u00e1vrh, v\u00fdvoj a v\u00fdroba jedno\u00fa\u010delov\u00fdch stroj\u016f, Kontrola a anal\u00fdza v\u00fdrobn\u00ed dokumentace, N\u00e1vrh a vypracov\u00e1n\u00ed technologick\u00fdch postup\u016f &hellip; <\/p>\n<p class=\"link-more\"><a href=\"https:\/\/www.cetvyk.cz\/\" class=\"more-link\">Pokra\u010dovat ve \u010dten\u00ed<span class=\"screen-reader-text\"> &#8222;Dom\u016f&#8220;<\/span><\/a><\/p>\n<div class=\"pvc_clear\"><\/div>\n<p class=\"pvc_stats all \" data-element-id=\"7\" style=\"\"><i class=\"pvc-stats-icon small\" aria-hidden=\"true\"><svg aria-hidden=\"true\" focusable=\"false\" data-prefix=\"far\" data-icon=\"chart-bar\" role=\"img\" xmlns=\"http:\/\/www.w3.org\/2000\/svg\" viewBox=\"0 0 512 512\" class=\"svg-inline--fa fa-chart-bar fa-w-16 fa-2x\"><path fill=\"currentColor\" d=\"M396.8 352h22.4c6.4 0 12.8-6.4 12.8-12.8V108.8c0-6.4-6.4-12.8-12.8-12.8h-22.4c-6.4 0-12.8 6.4-12.8 12.8v230.4c0 6.4 6.4 12.8 12.8 12.8zm-192 0h22.4c6.4 0 12.8-6.4 12.8-12.8V140.8c0-6.4-6.4-12.8-12.8-12.8h-22.4c-6.4 0-12.8 6.4-12.8 12.8v198.4c0 6.4 6.4 12.8 12.8 12.8zm96 0h22.4c6.4 0 12.8-6.4 12.8-12.8V204.8c0-6.4-6.4-12.8-12.8-12.8h-22.4c-6.4 0-12.8 6.4-12.8 12.8v134.4c0 6.4 6.4 12.8 12.8 12.8zM496 400H48V80c0-8.84-7.16-16-16-16H16C7.16 64 0 71.16 0 80v336c0 17.67 14.33 32 32 32h464c8.84 0 16-7.16 16-16v-16c0-8.84-7.16-16-16-16zm-387.2-48h22.4c6.4 0 12.8-6.4 12.8-12.8v-70.4c0-6.4-6.4-12.8-12.8-12.8h-22.4c-6.4 0-12.8 6.4-12.8 12.8v70.4c0 6.4 6.4 12.8 12.8 12.8z\" class=\"\"><\/path><\/svg><\/i> &nbsp;51,132&nbsp;total views, &nbsp;26&nbsp;views today<\/p>\n<div class=\"pvc_clear\"><\/div>\n","protected":false},"author":1,"featured_media":0,"parent":0,"menu_order":0,"comment_status":"closed","ping_status":"closed","template":"","meta":[],"_links":{"self":[{"href":"https:\/\/www.cetvyk.cz\/index.php?rest_route=\/wp\/v2\/pages\/7"}],"collection":[{"href":"https:\/\/www.cetvyk.cz\/index.php?rest_route=\/wp\/v2\/pages"}],"about":[{"href":"https:\/\/www.cetvyk.cz\/index.php?rest_route=\/wp\/v2\/types\/page"}],"author":[{"embeddable":true,"href":"https:\/\/www.cetvyk.cz\/index.php?rest_route=\/wp\/v2\/users\/1"}],"replies":[{"embeddable":true,"href":"https:\/\/www.cetvyk.cz\/index.php?rest_route=%2Fwp%2Fv2%2Fcomments&post=7"}],"version-history":[{"count":19,"href":"https:\/\/www.cetvyk.cz\/index.php?rest_route=\/wp\/v2\/pages\/7\/revisions"}],"predecessor-version":[{"id":317,"href":"https:\/\/www.cetvyk.cz\/index.php?rest_route=\/wp\/v2\/pages\/7\/revisions\/317"}],"wp:attachment":[{"href":"https:\/\/www.cetvyk.cz\/index.php?rest_route=%2Fwp%2Fv2%2Fmedia&parent=7"}],"curies":[{"name":"wp","href":"https:\/\/api.w.org\/{rel}","templated":true}]}}